{"id":1234,"date":"2025-01-15T11:54:59","date_gmt":"2025-01-15T10:54:59","guid":{"rendered":"http:\/\/tvyy7.w4yserver.at\/hauptseite\/contact-us\/"},"modified":"2025-01-22T13:16:31","modified_gmt":"2025-01-22T12:16:31","slug":"contact-us","status":"publish","type":"page","link":"https:\/\/www.ana-u.com\/en\/contact-us\/","title":{"rendered":"Contact us"},"content":{"rendered":"\n<div class=\"wp-block-group alignfull has-global-padding is-layout-constrained wp-block-group-is-layout-constrained\"><figure style=\"height:30vh; margin-bottom:var(--wp--preset--spacing--20);\" class=\"alignfull wp-block-post-featured-image\"><img loading=\"lazy\" decoding=\"async\" width=\"1920\" height=\"1080\" src=\"https:\/\/www.ana-u.com\/wp-content\/uploads\/2024\/10\/maintenance.jpg\" class=\"attachment-post-thumbnail size-post-thumbnail wp-post-image\" alt=\"\" style=\"border-radius:0px;height:30vh;object-fit:cover;\" srcset=\"https:\/\/www.ana-u.com\/wp-content\/uploads\/2024\/10\/maintenance.jpg 1920w, https:\/\/www.ana-u.com\/wp-content\/uploads\/2024\/10\/maintenance-400x225.jpg 400w, https:\/\/www.ana-u.com\/wp-content\/uploads\/2024\/10\/maintenance-1024x576.jpg 1024w, https:\/\/www.ana-u.com\/wp-content\/uploads\/2024\/10\/maintenance-768x432.jpg 768w, https:\/\/www.ana-u.com\/wp-content\/uploads\/2024\/10\/maintenance-1536x864.jpg 1536w\" sizes=\"auto, (max-width: 1920px) 100vw, 1920px\" \/><\/figure><\/div>\n\n<div class=\"wp-block-group has-global-padding is-layout-constrained wp-block-group-is-layout-constrained\" style=\"padding-top:var(--wp--preset--spacing--40);padding-bottom:var(--wp--preset--spacing--40)\"><h1 class=\"has-link-color wp-elements-36b462011fd0d969479fbc7c14380af4 wp-block-post-title has-text-color has-accent-5-color\">Contact us<\/h1>\n\n\n<p style=\"font-size:clamp(18px, 1.125rem + ((1vw - 3.2px) * 0.208), 20px);\">We look forward to your message! Whether you\u2019re an interested party, supplier, customer, or partner, use our contact form for your inquiries. For support cases, please use our dedicated <a href=\"https:\/\/www.ana-u.com\/en\/support-request\/\" title=\"Support request\">support form<\/a> to ensure prompt assistance.  <\/p>\n\n\n\n<p>* this information is required to assist you!<\/p>\n\n\n\n<div class=\"wp-block-group has-border-color has-background has-global-padding is-layout-constrained wp-container-core-group-is-layout-c385debf wp-block-group-is-layout-constrained\" style=\"border-color:#c54236;border-width:1px;border-radius:12px;background-color:#8787960a;padding-top:var(--wp--preset--spacing--20);padding-right:var(--wp--preset--spacing--20);padding-bottom:var(--wp--preset--spacing--20);padding-left:var(--wp--preset--spacing--20)\"><div class=\"frm_forms  with_frm_style frm_style_formidable-style\" id=\"frm_form_2_container\" data-token=\"9dd1653b5cb976e522daa1de67551fbd\">\n<form enctype=\"multipart\/form-data\" method=\"post\" class=\"frm-show-form  frm_pro_form \" id=\"form_kontaktformular\" data-token=\"9dd1653b5cb976e522daa1de67551fbd\">\n<div class=\"frm_form_fields \">\n<fieldset>\n<legend class=\"frm_screen_reader\">Contact<\/legend>\r\n\r\n<div class=\"frm_fields_container\">\n<input type=\"hidden\" name=\"frm_action\" value=\"create\" \/>\n<input type=\"hidden\" name=\"form_id\" value=\"2\" \/>\n<input type=\"hidden\" name=\"frm_hide_fields_2\" id=\"frm_hide_fields_2\" value=\"\" \/>\n<input type=\"hidden\" name=\"form_key\" value=\"kontaktformular\" \/>\n<input type=\"hidden\" name=\"item_meta[0]\" value=\"\" \/>\n<input type=\"hidden\" id=\"frm_submit_entry_2\" name=\"frm_submit_entry_2\" value=\"03d4e7409a\" \/><input type=\"hidden\" name=\"_wp_http_referer\" value=\"\/en\/wp-json\/wp\/v2\/pages\/1234\" \/><div id=\"frm_field_7_container\" class=\"frm_form_field form-field  frm_required_field frm_top_container vertical_radio\">\r\n\t<div  id=\"field_op9ul_label\" class=\"frm_primary_label\">Select the department that concerns your query:\r\n\t\t<span class=\"frm_required\" aria-hidden=\"true\">*<\/span>\r\n\t<\/div>\r\n\t<div class=\"frm_opt_container\" aria-labelledby=\"field_op9ul_label\" role=\"radiogroup\" aria-required=\"true\">\t\t<div class=\"frm_radio\" id=\"frm_radio_7-0\">\t\t\t<label  for=\"field_op9ul-0\">\n\t\t\t\t\t<input type=\"radio\" name=\"item_meta[7]\" id=\"field_op9ul-0\" value=\"Cardsystems\"\n\t\t data-reqmsg=\"Select the department that concerns your query: must not be empty.\" data-invmsg=\"Select the department that concerns your query: is invalid\"   \/> Cardsystems<\/label><\/div>\n\t\t<div class=\"frm_radio\" id=\"frm_radio_7-1\">\t\t\t<label  for=\"field_op9ul-1\">\n\t\t\t\t\t<input type=\"radio\" name=\"item_meta[7]\" id=\"field_op9ul-1\" value=\"Ledsystems\"\n\t\t data-reqmsg=\"Select the department that concerns your query: must not be empty.\" data-invmsg=\"Select the department that concerns your query: is invalid\"   \/> LED Systems<\/label><\/div>\n\t\t<div class=\"frm_radio\" id=\"frm_radio_7-2\">\t\t\t<label  for=\"field_op9ul-2\">\n\t\t\t\t\t<input type=\"radio\" name=\"item_meta[7]\" id=\"field_op9ul-2\" value=\"Allgemein\"\n\t\t data-reqmsg=\"Select the department that concerns your query: must not be empty.\" data-invmsg=\"Select the department that concerns your query: is invalid\"   \/> General<\/label><\/div>\n<\/div>\r\n\t\r\n\t\r\n<\/div>\n<div id=\"frm_field_8_container\" class=\"frm_form_field frm_section_heading form-field  frm12 frm_first\">\r\n<h3 class=\"frm_pos_top frm_section_spacing\">How can we contact you?<\/h3>\r\n\r\n\r\n<div id=\"frm_field_11_container\" class=\"frm_form_field form-field  frm_required_field frm_top_container frm12 frm_first\">\r\n\t<label for=\"field_vqn5x\" id=\"field_vqn5x_label\" class=\"frm_primary_label\">Company\/Organization\r\n\t\t<span class=\"frm_required\" aria-hidden=\"true\">*<\/span>\r\n\t<\/label>\r\n\t<input  type=\"text\" id=\"field_vqn5x\" name=\"item_meta[11]\" value=\"\"  data-sectionid=\"8\"  data-reqmsg=\"Company\/Organization must not be empty.\" aria-required=\"true\" data-invmsg=\"Company\/Organization ist ung\u00fcltig\" aria-invalid=\"false\"   \/>\r\n\t\r\n\t\r\n<\/div>\n<div id=\"frm_field_34_container\" class=\"frm_form_field form-field  frm_required_field frm_top_container frm12 frm_first\">\r\n\t<label for=\"field_r42g6\" id=\"field_r42g6_label\" class=\"frm_primary_label\">Your name\r\n\t\t<span class=\"frm_required\" aria-hidden=\"true\">*<\/span>\r\n\t<\/label>\r\n\t<input  type=\"text\" id=\"field_r42g6\" name=\"item_meta[34]\" value=\"\"  data-sectionid=\"8\"  data-reqmsg=\"Your name must not be empty.\" aria-required=\"true\" data-invmsg=\"Your name ist ung\u00fcltig\" aria-invalid=\"false\"   \/>\r\n\t\r\n\t\r\n<\/div>\n<div id=\"frm_field_12_container\" class=\"frm_form_field form-field  frm_required_field frm_top_container\">\r\n\t<label for=\"field_h1iae\" id=\"field_h1iae_label\" class=\"frm_primary_label\">E-Mail\r\n\t\t<span class=\"frm_required\" aria-hidden=\"true\">*<\/span>\r\n\t<\/label>\r\n\t<input type=\"email\" id=\"field_h1iae\" name=\"item_meta[12]\" value=\"\"  data-sectionid=\"8\"  autocomplete=\"email\"  data-reqmsg=\"E-Mail must not be empty.\" aria-required=\"true\" data-invmsg=\"E-Mail is invalid.\" aria-invalid=\"false\"  \/>\r\n\t\r\n\t\r\n<\/div>\n<div id=\"frm_field_13_container\" class=\"frm_form_field form-field  frm_top_container\">\r\n\t<label for=\"field_u2m52\" id=\"field_u2m52_label\" class=\"frm_primary_label\">Phone\r\n\t\t<span class=\"frm_required\" aria-hidden=\"true\"><\/span>\r\n\t<\/label>\r\n\t<input type=\"tel\" id=\"field_u2m52\" name=\"item_meta[13]\" value=\"\"  data-sectionid=\"8\"  data-invmsg=\"Phone is invalid.\" aria-invalid=\"false\" pattern=\"((\\+\\d{1,3}(-|.| )?\\(?\\d\\)?(-| |.)?\\d{1,5})|(\\(?\\d{2,6}\\)?))(-|.| )?(\\d{3,4})(-|.| )?(\\d{4})(( x| ext)\\d{1,5}){0,1}$\"  \/>\r\n\t\r\n\t\r\n<\/div>\n<\/div>\n<div id=\"frm_field_14_container\" class=\"frm_form_field frm_section_heading form-field  frm12 frm_first\">\r\n<h3 class=\"frm_pos_top frm_section_spacing\">Please briefly describe your concern:<\/h3>\r\n\r\n\r\n<div id=\"frm_field_16_container\" class=\"frm_form_field form-field  frm_top_container frm12 frm_first\">\r\n\t<label for=\"field_4mlur\" id=\"field_4mlur_label\" class=\"frm_primary_label\">Subject\r\n\t\t<span class=\"frm_required\" aria-hidden=\"true\"><\/span>\r\n\t<\/label>\r\n\t<textarea name=\"item_meta[16]\" id=\"field_4mlur\" rows=\"5\"  data-sectionid=\"14\"  data-invmsg=\"Subject ist ung\u00fcltig\" aria-invalid=\"false\"  ><\/textarea>\r\n\t\r\n\t\r\n<\/div>\n<\/div>\n<div id=\"frm_field_35_container\" class=\"frm_form_field form-field  frm_required_field frm_top_container vertical_radio\">\r\n\t<div  id=\"field_nhqpw_label\" class=\"frm_primary_label\">Privacy\r\n\t\t<span class=\"frm_required\" aria-hidden=\"true\">*<\/span>\r\n\t<\/div>\r\n\t<div class=\"frm_opt_container\" aria-labelledby=\"field_nhqpw_label\" role=\"radiogroup\" aria-required=\"true\">\t\t<div class=\"frm_radio\" id=\"frm_radio_35-0\">\t\t\t<label  for=\"field_nhqpw-0\">\n\t\t\t\t\t<input type=\"radio\" name=\"item_meta[35]\" id=\"field_nhqpw-0\" value=\"Ich best\u00e4tige, dass meine Daten f\u00fcr die Bearbeitung meiner Anfrage gespeichert und verarbeitet werden d\u00fcrfen.\"\n\t\t data-reqmsg=\"Privacy must not be empty.\" data-invmsg=\"Privacy is invalid\"   \/> I confirm that my data may be stored and processed for the purpose of handling my request.<\/label><\/div>\n<\/div>\r\n\t<div class=\"frm_description\" id=\"frm_desc_field_nhqpw\">You can find more information about this in our <a href=\"http:\/\/tvyy7.w4yserver.at\/hauptseite\/en\/privacy-policy\/\" target=\"_blank\" rel=\"noopener noreferrer\">Privacy Policy<\/a>.<\/div>\r\n\t\r\n<\/div>\n<div id=\"frm_field_6_container\" class=\"frm_form_field form-field \">\r\n\t<div class=\"frm_submit frm_flex\">\r\n<button class=\"frm_button_submit frm_final_submit\" type=\"submit\"   formnovalidate=\"formnovalidate\">send<\/button>\r\n\r\n\r\n\r\n<\/div>\r\n<\/div>\n\t<input type=\"hidden\" name=\"item_key\" value=\"\" \/>\n\t\t\t<div id=\"frm_field_38_container\">\n\t\t\t<label for=\"field_baa7p\" >\n\t\t\t\tIf you are human, leave this field blank.\t\t\t<\/label>\n\t\t\t<input  id=\"field_baa7p\" type=\"text\" class=\"frm_form_field form-field frm_verify\" name=\"item_meta[38]\" value=\"\"  \/>\n\t\t<\/div>\n\t\t<input name=\"frm_state\" type=\"hidden\" value=\"ysYsN3XQ9zNA2Vp9bidViHSuAoM1vd3UBflhBupDLH4h0oV6lBuByzwXW2AFXP2m\" \/><\/div>\n<\/fieldset>\n<\/div>\n\n<\/form>\n<\/div>\n<\/div>\n<\/div>\n","protected":false},"excerpt":{"rendered":"<p>We look forward to your message! Whether you\u2019re an interested party, supplier, customer, or partner, use our contact form for your inquiries. For support cases, please use our dedicated support form to ensure prompt assistance. * this information is required to assist you!<\/p>\n","protected":false},"author":1,"featured_media":1126,"parent":0,"menu_order":0,"comment_status":"closed","ping_status":"closed","template":"","meta":{"_themeisle_gutenberg_block_has_review":false,"footnotes":""},"class_list":["post-1234","page","type-page","status-publish","has-post-thumbnail","hentry"],"aioseo_notices":[],"publishpress_future_workflow_manual_trigger":{"enabledWorkflows":[]},"_links":{"self":[{"href":"https:\/\/www.ana-u.com\/en\/wp-json\/wp\/v2\/pages\/1234","targetHints":{"allow":["GET"]}}],"collection":[{"href":"https:\/\/www.ana-u.com\/en\/wp-json\/wp\/v2\/pages"}],"about":[{"href":"https:\/\/www.ana-u.com\/en\/wp-json\/wp\/v2\/types\/page"}],"author":[{"embeddable":true,"href":"https:\/\/www.ana-u.com\/en\/wp-json\/wp\/v2\/users\/1"}],"replies":[{"embeddable":true,"href":"https:\/\/www.ana-u.com\/en\/wp-json\/wp\/v2\/comments?post=1234"}],"version-history":[{"count":0,"href":"https:\/\/www.ana-u.com\/en\/wp-json\/wp\/v2\/pages\/1234\/revisions"}],"wp:featuredmedia":[{"embeddable":true,"href":"https:\/\/www.ana-u.com\/en\/wp-json\/wp\/v2\/media\/1126"}],"wp:attachment":[{"href":"https:\/\/www.ana-u.com\/en\/wp-json\/wp\/v2\/media?parent=1234"}],"curies":[{"name":"wp","href":"https:\/\/api.w.org\/{rel}","templated":true}]}}