{"id":1521,"date":"2024-10-23T14:54:14","date_gmt":"2024-10-23T12:54:14","guid":{"rendered":"http:\/\/tvyy7.w4yserver.at\/hauptseite\/?page_id=1521"},"modified":"2025-02-03T11:42:02","modified_gmt":"2025-02-03T10:42:02","slug":"legal-notice","status":"publish","type":"page","link":"https:\/\/www.ana-u.com\/en\/legal-notice\/","title":{"rendered":"Legal Notice"},"content":{"rendered":"<figure style=\"height:30vh;\" class=\"alignfull wp-block-post-featured-image\"><img loading=\"lazy\" decoding=\"async\" width=\"1920\" height=\"1080\" src=\"https:\/\/www.ana-u.com\/wp-content\/uploads\/2024\/10\/maintenance.jpg\" class=\"attachment-post-thumbnail size-post-thumbnail wp-post-image\" alt=\"\" style=\"border-radius:0px;height:30vh;object-fit:cover;\" srcset=\"https:\/\/www.ana-u.com\/wp-content\/uploads\/2024\/10\/maintenance.jpg 1920w, https:\/\/www.ana-u.com\/wp-content\/uploads\/2024\/10\/maintenance-400x225.jpg 400w, https:\/\/www.ana-u.com\/wp-content\/uploads\/2024\/10\/maintenance-1024x576.jpg 1024w, https:\/\/www.ana-u.com\/wp-content\/uploads\/2024\/10\/maintenance-768x432.jpg 768w, https:\/\/www.ana-u.com\/wp-content\/uploads\/2024\/10\/maintenance-1536x864.jpg 1536w\" sizes=\"auto, (max-width: 1920px) 100vw, 1920px\" \/><\/figure>\n\n\n<div class=\"wp-block-group alignwide is-layout-flow wp-block-group-is-layout-flow\">\n<h1 class=\"wp-block-heading\">Legal Notice<\/h1>\n\n\n\n<p>Information about the service provider.<\/p>\n\n\n\n<p><strong>ANA-U GmbH<\/strong><\/p>\n\n\n\n<p>Jahngasse 17,<br>8200 Gleisdorf,<br>\u00d6sterreich<\/p>\n\n\n\n<p><strong>Phone number:<\/strong> +43 3112 \/ 368 41<br><strong>Email:<\/strong> <a href=\"mailto:info@ana-u.com\">info@ana-u.com<\/a><\/p>\n\n\n\n<p><strong>Commercial register number:<\/strong> FN 356032 b<br><strong>Commercial Register Court:<\/strong> Firmenbuch Graz<br><strong>Registered office:<\/strong> 8200 Gleisdorf<br><strong>Business purpose:<\/strong> Entwicklung und Produktion von elektronischen Ger\u00e4ten, sowie Ingenieurb\u00fcro, auf dem Gebiet der Elektrotechnik<br><strong>VAT number:<\/strong> ATU66104547<\/p>\n\n\n\n<p><strong>Chief Executive Officer:<\/strong> Ing. Ulrich Ewald<br><strong>Participation relationships:<\/strong> Ing. Ulrich Ewald<br>Privatperson<br>Anteil: 100,00%<\/p>\n\n\n\n<p><strong>Data Protection Responsible<\/strong><br>Ing. Ulrich Ewald<br><strong>Email:<\/strong> <a href=\"mailto:Ing. Ulrich Ewald\">Ing. Ulrich Ewald<\/a><br><strong>Phone number:<\/strong> +43 3112 \/ 368 41<br><strong>Imprint:<\/strong> <a href=\"https:\/\/www.ana-u.com\/impressum\/\" target=\"_blank\" rel=\"noreferrer noopener\">https:\/\/www.ana-u.com\/impressum\/<\/a><\/p>\n\n\n\n<h2 class=\"wp-block-heading\" id=\"eu-streitschlichtung\">EU Dispute Resolution<\/h2>\n\n\n\n<p>We would like to inform you about the Online Dispute Resolution platform (ODR platform) in accordance with the regulation on Online Dispute Resolution in consumer matters (ODR Regulation).<br>Consumers have the option of submitting complaints to the European Commission\u2019s Online Dispute Resolution platform at <a href=\"https:\/\/ec.europa.eu\/consumers\/odr\/main\/?event=main.home2.show\" target=\"_blank\" rel=\"noreferrer noopener\">https:\/\/ec.europa.eu\/consumers\/odr\/main\/?event=main.home2.show<\/a>. You will find the necessary contact details in our imprint above.<\/p>\n\n\n\n<p>However, we would like to note, that we are not willing or obliged to participate in dispute settlement procedures before a consumer arbitration board.<\/p>\n\n\n\n<h2 class=\"wp-block-heading\" id=\"bildernachweis\">Picture Credits<\/h2>\n\n\n\n<p>The pictures, images and graphics on this website are protected by copyright.<\/p>\n\n\n\n<p><strong>The image rights belong to:<\/strong><br>ANA-U GmbH<\/p>\n\n\n\n<p><strong>Contract Clauses and Place of Jurisdiction<\/strong><br>Vertr\u00e4ge mit uns unterliegen dem Recht der Republik \u00d6sterreich unter Ausschluss des UN-Kaufrechts. Gerichtsstand f\u00fcr alle Streitigkeiten aus solchen Vertr\u00e4gen ist Graz.<\/p>\n\n\n\n<p>All texts are copyrighted.<\/p>\n<\/div>\n","protected":false},"excerpt":{"rendered":"<p>Legal Notice Information about the service provider. ANA-U GmbH Jahngasse 17,8200 Gleisdorf,\u00d6sterreich Phone number: +43 3112 \/ 368 41Email: info@ana-u.com Commercial register number: FN 356032 bCommercial Register Court: Firmenbuch GrazRegistered office: 8200 GleisdorfBusiness purpose: Entwicklung und Produktion von elektronischen Ger\u00e4ten, sowie Ingenieurb\u00fcro, auf dem Gebiet der ElektrotechnikVAT number: ATU66104547 Chief Executive Officer: Ing. Ulrich EwaldParticipation [&hellip;]<\/p>\n","protected":false},"author":1,"featured_media":47,"parent":0,"menu_order":0,"comment_status":"closed","ping_status":"closed","template":"","meta":{"_themeisle_gutenberg_block_has_review":false,"footnotes":""},"class_list":["post-1521","page","type-page","status-publish","has-post-thumbnail","hentry"],"aioseo_notices":[],"publishpress_future_workflow_manual_trigger":{"enabledWorkflows":[]},"_links":{"self":[{"href":"https:\/\/www.ana-u.com\/en\/wp-json\/wp\/v2\/pages\/1521","targetHints":{"allow":["GET"]}}],"collection":[{"href":"https:\/\/www.ana-u.com\/en\/wp-json\/wp\/v2\/pages"}],"about":[{"href":"https:\/\/www.ana-u.com\/en\/wp-json\/wp\/v2\/types\/page"}],"author":[{"embeddable":true,"href":"https:\/\/www.ana-u.com\/en\/wp-json\/wp\/v2\/users\/1"}],"replies":[{"embeddable":true,"href":"https:\/\/www.ana-u.com\/en\/wp-json\/wp\/v2\/comments?post=1521"}],"version-history":[{"count":0,"href":"https:\/\/www.ana-u.com\/en\/wp-json\/wp\/v2\/pages\/1521\/revisions"}],"wp:featuredmedia":[{"embeddable":true,"href":"https:\/\/www.ana-u.com\/en\/wp-json\/wp\/v2\/media\/47"}],"wp:attachment":[{"href":"https:\/\/www.ana-u.com\/en\/wp-json\/wp\/v2\/media?parent=1521"}],"curies":[{"name":"wp","href":"https:\/\/api.w.org\/{rel}","templated":true}]}}